{"id":70,"date":"2018-12-10T14:39:50","date_gmt":"2018-12-10T14:39:50","guid":{"rendered":"http:\/\/nativaexcursiones.cl\/web\/?page_id=70"},"modified":"2018-12-21T13:26:34","modified_gmt":"2018-12-21T13:26:34","slug":"servicios-de-traslado","status":"publish","type":"page","link":"https:\/\/nativaexcursiones.cl\/web\/servicios-de-traslado\/","title":{"rendered":"Servicios de traslado"},"content":{"rendered":"<p>[et_pb_section fb_built=\u00bb1&#8243; fullwidth=\u00bbon\u00bb _builder_version=\u00bb3.18.2&#8243;][et_pb_fullwidth_image src=\u00bbhttps:\/\/nativaexcursiones.cl\/web\/wp-content\/uploads\/2018\/12\/banner.jpg\u00bb admin_label=\u00bbImagen de anchura completa\u00bb _builder_version=\u00bb3.18.2&#8243;][\/et_pb_fullwidth_image][\/et_pb_section][et_pb_section fb_built=\u00bb1&#8243; _builder_version=\u00bb3.18.2&#8243; custom_padding=\u00bb74px|0px|50px|0px|false|false\u00bb][et_pb_row custom_padding=\u00bb0|0px|30px|0px|false|false\u00bb _builder_version=\u00bb3.18.2&#8243;][et_pb_column type=\u00bb3_5&#8243; _builder_version=\u00bb3.18.2&#8243; parallax=\u00bboff\u00bb parallax_method=\u00bbon\u00bb][et_pb_gallery gallery_ids=\u00bb116,117,118,187&#8243; show_title_and_caption=\u00bboff\u00bb show_pagination=\u00bboff\u00bb _builder_version=\u00bb3.18.2&#8243; title_font=\u00bb||||||||\u00bb pagination_font=\u00bb||||||||\u00bb][\/et_pb_gallery][\/et_pb_column][et_pb_column type=\u00bb2_5&#8243; _builder_version=\u00bb3.18.2&#8243; parallax=\u00bboff\u00bb parallax_method=\u00bbon\u00bb][et_pb_text _builder_version=\u00bb3.18.2&#8243;]<\/p>\n<h3><strong>Servicios de Traslado<br \/><\/strong><\/h3>\n<p>&nbsp;<\/p>\n<p>Ubicado a minutos de Pu\u00f1ihuil, Caf\u00e9 Luz de Luna es una nueva alternativa para tomarse un rico caf\u00e9 y algo m\u00e1s.. Te esperamos<\/p>\n<p>[\/et_pb_text][\/et_pb_column][\/et_pb_row][\/et_pb_section]<\/p>\n","protected":false},"excerpt":{"rendered":"<p>[et_pb_section fb_built=\u00bb1&#8243; fullwidth=\u00bbon\u00bb _builder_version=\u00bb3.18.2&#8243;][et_pb_fullwidth_image src=\u00bbhttps:\/\/nativaexcursiones.cl\/web\/wp-content\/uploads\/2018\/12\/banner.jpg\u00bb admin_label=\u00bbImagen de anchura completa\u00bb _builder_version=\u00bb3.18.2&#8243;][\/et_pb_fullwidth_image][\/et_pb_section][et_pb_section fb_built=\u00bb1&#8243; _builder_version=\u00bb3.18.2&#8243; custom_padding=\u00bb74px|0px|50px|0px|false|false\u00bb][et_pb_row custom_padding=\u00bb0|0px|30px|0px|false|false\u00bb _builder_version=\u00bb3.18.2&#8243;][et_pb_column type=\u00bb3_5&#8243; _builder_version=\u00bb3.18.2&#8243; parallax=\u00bboff\u00bb parallax_method=\u00bbon\u00bb][et_pb_gallery gallery_ids=\u00bb116,117,118,187&#8243; show_title_and_caption=\u00bboff\u00bb show_pagination=\u00bboff\u00bb _builder_version=\u00bb3.18.2&#8243; title_font=\u00bb||||||||\u00bb pagination_font=\u00bb||||||||\u00bb][\/et_pb_gallery][\/et_pb_column][et_pb_column type=\u00bb2_5&#8243; _builder_version=\u00bb3.18.2&#8243; parallax=\u00bboff\u00bb parallax_method=\u00bbon\u00bb][et_pb_text _builder_version=\u00bb3.18.2&#8243;] Servicios de Traslado &nbsp; Ubicado a minutos de Pu\u00f1ihuil, Caf\u00e9 Luz de Luna es una nueva alternativa para tomarse un rico caf\u00e9 y algo m\u00e1s.. [&hellip;]<\/p>\n","protected":false},"author":1,"featured_media":0,"parent":0,"menu_order":0,"comment_status":"closed","ping_status":"closed","template":"","meta":{"_et_pb_use_builder":"on","_et_pb_old_content":"","_et_gb_content_width":"","_joinchat":[]},"yoast_head":"<!-- This site is optimized with the Yoast SEO plugin v19.9 - https:\/\/yoast.com\/wordpress\/plugins\/seo\/ -->\n<title>Servicios de traslado - Nativa excursiones<\/title>\n<meta name=\"robots\" content=\"index, follow, max-snippet:-1, max-image-preview:large, max-video-preview:-1\" \/>\n<link rel=\"canonical\" href=\"https:\/\/nativaexcursiones.cl\/web\/servicios-de-traslado\/\" \/>\n<meta property=\"og:locale\" content=\"es_ES\" \/>\n<meta property=\"og:type\" content=\"article\" \/>\n<meta property=\"og:title\" content=\"Servicios de traslado - Nativa excursiones\" \/>\n<meta property=\"og:description\" content=\"[et_pb_section fb_built=\u00bb1&#8243; fullwidth=\u00bbon\u00bb _builder_version=\u00bb3.18.2&#8243;][et_pb_fullwidth_image src=\u00bbhttps:\/\/nativaexcursiones.cl\/web\/wp-content\/uploads\/2018\/12\/banner.jpg\u00bb admin_label=\u00bbImagen de anchura completa\u00bb _builder_version=\u00bb3.18.2&#8243;][\/et_pb_fullwidth_image][\/et_pb_section][et_pb_section fb_built=\u00bb1&#8243; _builder_version=\u00bb3.18.2&#8243; custom_padding=\u00bb74px|0px|50px|0px|false|false\u00bb][et_pb_row custom_padding=\u00bb0|0px|30px|0px|false|false\u00bb _builder_version=\u00bb3.18.2&#8243;][et_pb_column type=\u00bb3_5&#8243; _builder_version=\u00bb3.18.2&#8243; parallax=\u00bboff\u00bb parallax_method=\u00bbon\u00bb][et_pb_gallery gallery_ids=\u00bb116,117,118,187&#8243; show_title_and_caption=\u00bboff\u00bb show_pagination=\u00bboff\u00bb _builder_version=\u00bb3.18.2&#8243; title_font=\u00bb||||||||\u00bb pagination_font=\u00bb||||||||\u00bb][\/et_pb_gallery][\/et_pb_column][et_pb_column type=\u00bb2_5&#8243; _builder_version=\u00bb3.18.2&#8243; parallax=\u00bboff\u00bb parallax_method=\u00bbon\u00bb][et_pb_text _builder_version=\u00bb3.18.2&#8243;] Servicios de Traslado &nbsp; Ubicado a minutos de Pu\u00f1ihuil, Caf\u00e9 Luz de Luna es una nueva alternativa para tomarse un rico caf\u00e9 y algo m\u00e1s.. [&hellip;]\" \/>\n<meta property=\"og:url\" content=\"https:\/\/nativaexcursiones.cl\/web\/servicios-de-traslado\/\" \/>\n<meta property=\"og:site_name\" content=\"Nativa excursiones\" \/>\n<meta property=\"article:modified_time\" content=\"2018-12-21T13:26:34+00:00\" \/>\n<meta name=\"twitter:card\" content=\"summary_large_image\" \/>\n<meta name=\"twitter:label1\" content=\"Tiempo de lectura\" \/>\n\t<meta name=\"twitter:data1\" content=\"1 minuto\" \/>\n<script type=\"application\/ld+json\" class=\"yoast-schema-graph\">{\"@context\":\"https:\/\/schema.org\",\"@graph\":[{\"@type\":\"WebPage\",\"@id\":\"https:\/\/nativaexcursiones.cl\/web\/servicios-de-traslado\/\",\"url\":\"https:\/\/nativaexcursiones.cl\/web\/servicios-de-traslado\/\",\"name\":\"Servicios de traslado - Nativa excursiones\",\"isPartOf\":{\"@id\":\"https:\/\/nativaexcursiones.cl\/web\/#website\"},\"datePublished\":\"2018-12-10T14:39:50+00:00\",\"dateModified\":\"2018-12-21T13:26:34+00:00\",\"breadcrumb\":{\"@id\":\"https:\/\/nativaexcursiones.cl\/web\/servicios-de-traslado\/#breadcrumb\"},\"inLanguage\":\"es\",\"potentialAction\":[{\"@type\":\"ReadAction\",\"target\":[\"https:\/\/nativaexcursiones.cl\/web\/servicios-de-traslado\/\"]}]},{\"@type\":\"BreadcrumbList\",\"@id\":\"https:\/\/nativaexcursiones.cl\/web\/servicios-de-traslado\/#breadcrumb\",\"itemListElement\":[{\"@type\":\"ListItem\",\"position\":1,\"name\":\"Portada\",\"item\":\"https:\/\/nativaexcursiones.cl\/web\/\"},{\"@type\":\"ListItem\",\"position\":2,\"name\":\"Servicios de traslado\"}]},{\"@type\":\"WebSite\",\"@id\":\"https:\/\/nativaexcursiones.cl\/web\/#website\",\"url\":\"https:\/\/nativaexcursiones.cl\/web\/\",\"name\":\"Nativa excursiones\",\"description\":\"Tours en Pu\u00f1ihuil\",\"potentialAction\":[{\"@type\":\"SearchAction\",\"target\":{\"@type\":\"EntryPoint\",\"urlTemplate\":\"https:\/\/nativaexcursiones.cl\/web\/?s={search_term_string}\"},\"query-input\":\"required name=search_term_string\"}],\"inLanguage\":\"es\"}]}<\/script>\n<!-- \/ Yoast SEO plugin. -->","yoast_head_json":{"title":"Servicios de traslado - Nativa excursiones","robots":{"index":"index","follow":"follow","max-snippet":"max-snippet:-1","max-image-preview":"max-image-preview:large","max-video-preview":"max-video-preview:-1"},"canonical":"https:\/\/nativaexcursiones.cl\/web\/servicios-de-traslado\/","og_locale":"es_ES","og_type":"article","og_title":"Servicios de traslado - Nativa excursiones","og_description":"[et_pb_section fb_built=\u00bb1&#8243; fullwidth=\u00bbon\u00bb _builder_version=\u00bb3.18.2&#8243;][et_pb_fullwidth_image src=\u00bbhttps:\/\/nativaexcursiones.cl\/web\/wp-content\/uploads\/2018\/12\/banner.jpg\u00bb admin_label=\u00bbImagen de anchura completa\u00bb _builder_version=\u00bb3.18.2&#8243;][\/et_pb_fullwidth_image][\/et_pb_section][et_pb_section fb_built=\u00bb1&#8243; _builder_version=\u00bb3.18.2&#8243; custom_padding=\u00bb74px|0px|50px|0px|false|false\u00bb][et_pb_row custom_padding=\u00bb0|0px|30px|0px|false|false\u00bb _builder_version=\u00bb3.18.2&#8243;][et_pb_column type=\u00bb3_5&#8243; _builder_version=\u00bb3.18.2&#8243; parallax=\u00bboff\u00bb parallax_method=\u00bbon\u00bb][et_pb_gallery gallery_ids=\u00bb116,117,118,187&#8243; show_title_and_caption=\u00bboff\u00bb show_pagination=\u00bboff\u00bb _builder_version=\u00bb3.18.2&#8243; title_font=\u00bb||||||||\u00bb pagination_font=\u00bb||||||||\u00bb][\/et_pb_gallery][\/et_pb_column][et_pb_column type=\u00bb2_5&#8243; _builder_version=\u00bb3.18.2&#8243; parallax=\u00bboff\u00bb parallax_method=\u00bbon\u00bb][et_pb_text _builder_version=\u00bb3.18.2&#8243;] Servicios de Traslado &nbsp; Ubicado a minutos de Pu\u00f1ihuil, Caf\u00e9 Luz de Luna es una nueva alternativa para tomarse un rico caf\u00e9 y algo m\u00e1s.. [&hellip;]","og_url":"https:\/\/nativaexcursiones.cl\/web\/servicios-de-traslado\/","og_site_name":"Nativa excursiones","article_modified_time":"2018-12-21T13:26:34+00:00","twitter_card":"summary_large_image","twitter_misc":{"Tiempo de lectura":"1 minuto"},"schema":{"@context":"https:\/\/schema.org","@graph":[{"@type":"WebPage","@id":"https:\/\/nativaexcursiones.cl\/web\/servicios-de-traslado\/","url":"https:\/\/nativaexcursiones.cl\/web\/servicios-de-traslado\/","name":"Servicios de traslado - Nativa excursiones","isPartOf":{"@id":"https:\/\/nativaexcursiones.cl\/web\/#website"},"datePublished":"2018-12-10T14:39:50+00:00","dateModified":"2018-12-21T13:26:34+00:00","breadcrumb":{"@id":"https:\/\/nativaexcursiones.cl\/web\/servicios-de-traslado\/#breadcrumb"},"inLanguage":"es","potentialAction":[{"@type":"ReadAction","target":["https:\/\/nativaexcursiones.cl\/web\/servicios-de-traslado\/"]}]},{"@type":"BreadcrumbList","@id":"https:\/\/nativaexcursiones.cl\/web\/servicios-de-traslado\/#breadcrumb","itemListElement":[{"@type":"ListItem","position":1,"name":"Portada","item":"https:\/\/nativaexcursiones.cl\/web\/"},{"@type":"ListItem","position":2,"name":"Servicios de traslado"}]},{"@type":"WebSite","@id":"https:\/\/nativaexcursiones.cl\/web\/#website","url":"https:\/\/nativaexcursiones.cl\/web\/","name":"Nativa excursiones","description":"Tours en Pu\u00f1ihuil","potentialAction":[{"@type":"SearchAction","target":{"@type":"EntryPoint","urlTemplate":"https:\/\/nativaexcursiones.cl\/web\/?s={search_term_string}"},"query-input":"required name=search_term_string"}],"inLanguage":"es"}]}},"_links":{"self":[{"href":"https:\/\/nativaexcursiones.cl\/web\/wp-json\/wp\/v2\/pages\/70"}],"collection":[{"href":"https:\/\/nativaexcursiones.cl\/web\/wp-json\/wp\/v2\/pages"}],"about":[{"href":"https:\/\/nativaexcursiones.cl\/web\/wp-json\/wp\/v2\/types\/page"}],"author":[{"embeddable":true,"href":"https:\/\/nativaexcursiones.cl\/web\/wp-json\/wp\/v2\/users\/1"}],"replies":[{"embeddable":true,"href":"https:\/\/nativaexcursiones.cl\/web\/wp-json\/wp\/v2\/comments?post=70"}],"version-history":[{"count":3,"href":"https:\/\/nativaexcursiones.cl\/web\/wp-json\/wp\/v2\/pages\/70\/revisions"}],"predecessor-version":[{"id":246,"href":"https:\/\/nativaexcursiones.cl\/web\/wp-json\/wp\/v2\/pages\/70\/revisions\/246"}],"wp:attachment":[{"href":"https:\/\/nativaexcursiones.cl\/web\/wp-json\/wp\/v2\/media?parent=70"}],"curies":[{"name":"wp","href":"https:\/\/api.w.org\/{rel}","templated":true}]}}