{"id":54,"date":"2018-12-10T14:34:13","date_gmt":"2018-12-10T14:34:13","guid":{"rendered":"http:\/\/nativaexcursiones.cl\/web\/?page_id=54"},"modified":"2018-12-21T11:58:53","modified_gmt":"2018-12-21T11:58:53","slug":"sendero-tehuaco","status":"publish","type":"page","link":"https:\/\/nativaexcursiones.cl\/web\/sendero-tehuaco\/","title":{"rendered":"Sendero Tehuaco"},"content":{"rendered":"<p>[et_pb_section fb_built=\u00bb1&#8243; fullwidth=\u00bbon\u00bb _builder_version=\u00bb3.18.2&#8243;][et_pb_fullwidth_image src=\u00bbhttps:\/\/nativaexcursiones.cl\/web\/wp-content\/uploads\/2018\/12\/a.jpg\u00bb _builder_version=\u00bb3.18.2&#8243;][\/et_pb_fullwidth_image][\/et_pb_section][et_pb_section fb_built=\u00bb1&#8243; _builder_version=\u00bb3.18.2&#8243; collapsed=\u00bboff\u00bb][et_pb_row _builder_version=\u00bb3.18.2&#8243;][et_pb_column type=\u00bb1_2&#8243; _builder_version=\u00bb3.18.2&#8243; parallax=\u00bboff\u00bb parallax_method=\u00bbon\u00bb][et_pb_text _builder_version=\u00bb3.18.2&#8243;]<\/p>\n<h1><strong>Sendero Ecol\u00f3gico Tehuaco<\/strong><\/h1>\n<p>&nbsp;<\/p>\n<p>Descubre a trav\u00e9s de Caminatas interpretativa \u201cMicrocosmos del Bosque Templado Lluvioso\u201d . Circuito que contempla 6 estaciones y un recorrido de 1,5 km. con descripci\u00f3n de plantas no vasculares, l\u00edquenes y fungi.<\/p>\n<p>Adem\u00e1s, Flora del Bosque M\u00e1gico Chilote\u201d. Recorrido de 2 km a trav\u00e9s del bosque identificando especies de flora (reconociendo su valor ornamental, medicinal y su rol ecol\u00f3gico dentro del bosque. Tambi\u00e9n se utilizar\u00e1n t\u00e9cnicas interpretativas que involucren a la audiencia a trav\u00e9s de los \u201c5 sentidos\u201d y se utilizar\u00e1 material de apoyo como fichas, microscopios y lupas.<\/p>\n<p>&nbsp;<\/p>\n<p>[\/et_pb_text][et_pb_gallery gallery_ids=\u00bb125,126,128,129&#8243; orientation=\u00bbportrait\u00bb show_title_and_caption=\u00bboff\u00bb _builder_version=\u00bb3.18.2&#8243;][\/et_pb_gallery][\/et_pb_column][et_pb_column type=\u00bb1_2&#8243; _builder_version=\u00bb3.18.2&#8243; parallax=\u00bboff\u00bb parallax_method=\u00bbon\u00bb][et_pb_text _builder_version=\u00bb3.18.2&#8243;]<\/p>\n<p>&nbsp;<\/p>\n<p>&nbsp;<\/p>\n<p>Y, Fauna del Bosque Templado Lluvioso\u201d Esta experiencia deber\u00e1 ser llevada a cabo por gu\u00edas especializados y se centrar\u00e1 en el reconocimiento de especies de mam\u00edferos, anfibios, reptiles, invertebrados y aves del bosque. Deber\u00e1 ser acompa\u00f1ado de gu\u00edas de campo para cada grupo de especies, lupas, microscopios y binoculares. El recorrido tendr\u00e1 una longitud de 3 km<\/p>\n<p>[\/et_pb_text][et_pb_code _builder_version=\u00bb3.18.2&#8243;]<iframe loading=\"lazy\" src=\"https:\/\/www.google.com\/maps\/embed?pb=!1m14!1m8!1m3!1d47499.501888479645!2d-74.0170926!3d-41.9204019!3m2!1i1024!2i768!4f13.1!3m3!1m2!1s0x9622f11cf210c5f5%3A0x5e267d7fa2a69d35!2sParque+ecologico+Sendero+Tehuaco!5e0!3m2!1ses!2scl!4v1545324384774\" width=\"600\" height=\"450\" frameborder=\"0\" style=\"border:0\" allowfullscreen><\/iframe>[\/et_pb_code][\/et_pb_column][\/et_pb_row][\/et_pb_section][et_pb_section fb_built=\u00bb1&#8243; fullwidth=\u00bbon\u00bb _builder_version=\u00bb3.18.2&#8243;][et_pb_fullwidth_image src=\u00bbhttps:\/\/nativaexcursiones.cl\/web\/wp-content\/uploads\/2018\/12\/banner.jpg\u00bb _builder_version=\u00bb3.18.2&#8243;][\/et_pb_fullwidth_image][\/et_pb_section]<\/p>\n","protected":false},"excerpt":{"rendered":"<p>[et_pb_section fb_built=\u00bb1&#8243; fullwidth=\u00bbon\u00bb _builder_version=\u00bb3.18.2&#8243;][et_pb_fullwidth_image src=\u00bbhttps:\/\/nativaexcursiones.cl\/web\/wp-content\/uploads\/2018\/12\/a.jpg\u00bb _builder_version=\u00bb3.18.2&#8243;][\/et_pb_fullwidth_image][\/et_pb_section][et_pb_section fb_built=\u00bb1&#8243; _builder_version=\u00bb3.18.2&#8243; collapsed=\u00bboff\u00bb][et_pb_row _builder_version=\u00bb3.18.2&#8243;][et_pb_column type=\u00bb1_2&#8243; _builder_version=\u00bb3.18.2&#8243; parallax=\u00bboff\u00bb parallax_method=\u00bbon\u00bb][et_pb_text _builder_version=\u00bb3.18.2&#8243;] Sendero Ecol\u00f3gico Tehuaco &nbsp; Descubre a trav\u00e9s de Caminatas interpretativa \u201cMicrocosmos del Bosque Templado Lluvioso\u201d . Circuito que contempla 6 estaciones y un recorrido de 1,5 km. con descripci\u00f3n de plantas no vasculares, l\u00edquenes y fungi. Adem\u00e1s, Flora del Bosque [&hellip;]<\/p>\n","protected":false},"author":1,"featured_media":0,"parent":0,"menu_order":0,"comment_status":"closed","ping_status":"closed","template":"","meta":{"_et_pb_use_builder":"on","_et_pb_old_content":"","_et_gb_content_width":"","_joinchat":[]},"yoast_head":"<!-- This site is optimized with the Yoast SEO plugin v19.9 - https:\/\/yoast.com\/wordpress\/plugins\/seo\/ -->\n<title>Sendero Tehuaco - Nativa excursiones<\/title>\n<meta name=\"robots\" content=\"index, follow, max-snippet:-1, max-image-preview:large, max-video-preview:-1\" \/>\n<link rel=\"canonical\" href=\"https:\/\/nativaexcursiones.cl\/web\/sendero-tehuaco\/\" \/>\n<meta property=\"og:locale\" content=\"es_ES\" \/>\n<meta property=\"og:type\" content=\"article\" \/>\n<meta property=\"og:title\" content=\"Sendero Tehuaco - Nativa excursiones\" \/>\n<meta property=\"og:description\" content=\"[et_pb_section fb_built=\u00bb1&#8243; fullwidth=\u00bbon\u00bb _builder_version=\u00bb3.18.2&#8243;][et_pb_fullwidth_image src=\u00bbhttps:\/\/nativaexcursiones.cl\/web\/wp-content\/uploads\/2018\/12\/a.jpg\u00bb _builder_version=\u00bb3.18.2&#8243;][\/et_pb_fullwidth_image][\/et_pb_section][et_pb_section fb_built=\u00bb1&#8243; _builder_version=\u00bb3.18.2&#8243; collapsed=\u00bboff\u00bb][et_pb_row _builder_version=\u00bb3.18.2&#8243;][et_pb_column type=\u00bb1_2&#8243; _builder_version=\u00bb3.18.2&#8243; parallax=\u00bboff\u00bb parallax_method=\u00bbon\u00bb][et_pb_text _builder_version=\u00bb3.18.2&#8243;] Sendero Ecol\u00f3gico Tehuaco &nbsp; Descubre a trav\u00e9s de Caminatas interpretativa \u201cMicrocosmos del Bosque Templado Lluvioso\u201d . Circuito que contempla 6 estaciones y un recorrido de 1,5 km. con descripci\u00f3n de plantas no vasculares, l\u00edquenes y fungi. Adem\u00e1s, Flora del Bosque [&hellip;]\" \/>\n<meta property=\"og:url\" content=\"https:\/\/nativaexcursiones.cl\/web\/sendero-tehuaco\/\" \/>\n<meta property=\"og:site_name\" content=\"Nativa excursiones\" \/>\n<meta property=\"article:modified_time\" content=\"2018-12-21T11:58:53+00:00\" \/>\n<meta name=\"twitter:card\" content=\"summary_large_image\" \/>\n<meta name=\"twitter:label1\" content=\"Tiempo de lectura\" \/>\n\t<meta name=\"twitter:data1\" content=\"2 minutos\" \/>\n<script type=\"application\/ld+json\" class=\"yoast-schema-graph\">{\"@context\":\"https:\/\/schema.org\",\"@graph\":[{\"@type\":\"WebPage\",\"@id\":\"https:\/\/nativaexcursiones.cl\/web\/sendero-tehuaco\/\",\"url\":\"https:\/\/nativaexcursiones.cl\/web\/sendero-tehuaco\/\",\"name\":\"Sendero Tehuaco - Nativa excursiones\",\"isPartOf\":{\"@id\":\"https:\/\/nativaexcursiones.cl\/web\/#website\"},\"datePublished\":\"2018-12-10T14:34:13+00:00\",\"dateModified\":\"2018-12-21T11:58:53+00:00\",\"breadcrumb\":{\"@id\":\"https:\/\/nativaexcursiones.cl\/web\/sendero-tehuaco\/#breadcrumb\"},\"inLanguage\":\"es\",\"potentialAction\":[{\"@type\":\"ReadAction\",\"target\":[\"https:\/\/nativaexcursiones.cl\/web\/sendero-tehuaco\/\"]}]},{\"@type\":\"BreadcrumbList\",\"@id\":\"https:\/\/nativaexcursiones.cl\/web\/sendero-tehuaco\/#breadcrumb\",\"itemListElement\":[{\"@type\":\"ListItem\",\"position\":1,\"name\":\"Portada\",\"item\":\"https:\/\/nativaexcursiones.cl\/web\/\"},{\"@type\":\"ListItem\",\"position\":2,\"name\":\"Sendero Tehuaco\"}]},{\"@type\":\"WebSite\",\"@id\":\"https:\/\/nativaexcursiones.cl\/web\/#website\",\"url\":\"https:\/\/nativaexcursiones.cl\/web\/\",\"name\":\"Nativa excursiones\",\"description\":\"Tours en Pu\u00f1ihuil\",\"potentialAction\":[{\"@type\":\"SearchAction\",\"target\":{\"@type\":\"EntryPoint\",\"urlTemplate\":\"https:\/\/nativaexcursiones.cl\/web\/?s={search_term_string}\"},\"query-input\":\"required name=search_term_string\"}],\"inLanguage\":\"es\"}]}<\/script>\n<!-- \/ Yoast SEO plugin. -->","yoast_head_json":{"title":"Sendero Tehuaco - Nativa excursiones","robots":{"index":"index","follow":"follow","max-snippet":"max-snippet:-1","max-image-preview":"max-image-preview:large","max-video-preview":"max-video-preview:-1"},"canonical":"https:\/\/nativaexcursiones.cl\/web\/sendero-tehuaco\/","og_locale":"es_ES","og_type":"article","og_title":"Sendero Tehuaco - Nativa excursiones","og_description":"[et_pb_section fb_built=\u00bb1&#8243; fullwidth=\u00bbon\u00bb _builder_version=\u00bb3.18.2&#8243;][et_pb_fullwidth_image src=\u00bbhttps:\/\/nativaexcursiones.cl\/web\/wp-content\/uploads\/2018\/12\/a.jpg\u00bb _builder_version=\u00bb3.18.2&#8243;][\/et_pb_fullwidth_image][\/et_pb_section][et_pb_section fb_built=\u00bb1&#8243; _builder_version=\u00bb3.18.2&#8243; collapsed=\u00bboff\u00bb][et_pb_row _builder_version=\u00bb3.18.2&#8243;][et_pb_column type=\u00bb1_2&#8243; _builder_version=\u00bb3.18.2&#8243; parallax=\u00bboff\u00bb parallax_method=\u00bbon\u00bb][et_pb_text _builder_version=\u00bb3.18.2&#8243;] Sendero Ecol\u00f3gico Tehuaco &nbsp; Descubre a trav\u00e9s de Caminatas interpretativa \u201cMicrocosmos del Bosque Templado Lluvioso\u201d . Circuito que contempla 6 estaciones y un recorrido de 1,5 km. con descripci\u00f3n de plantas no vasculares, l\u00edquenes y fungi. Adem\u00e1s, Flora del Bosque [&hellip;]","og_url":"https:\/\/nativaexcursiones.cl\/web\/sendero-tehuaco\/","og_site_name":"Nativa excursiones","article_modified_time":"2018-12-21T11:58:53+00:00","twitter_card":"summary_large_image","twitter_misc":{"Tiempo de lectura":"2 minutos"},"schema":{"@context":"https:\/\/schema.org","@graph":[{"@type":"WebPage","@id":"https:\/\/nativaexcursiones.cl\/web\/sendero-tehuaco\/","url":"https:\/\/nativaexcursiones.cl\/web\/sendero-tehuaco\/","name":"Sendero Tehuaco - Nativa excursiones","isPartOf":{"@id":"https:\/\/nativaexcursiones.cl\/web\/#website"},"datePublished":"2018-12-10T14:34:13+00:00","dateModified":"2018-12-21T11:58:53+00:00","breadcrumb":{"@id":"https:\/\/nativaexcursiones.cl\/web\/sendero-tehuaco\/#breadcrumb"},"inLanguage":"es","potentialAction":[{"@type":"ReadAction","target":["https:\/\/nativaexcursiones.cl\/web\/sendero-tehuaco\/"]}]},{"@type":"BreadcrumbList","@id":"https:\/\/nativaexcursiones.cl\/web\/sendero-tehuaco\/#breadcrumb","itemListElement":[{"@type":"ListItem","position":1,"name":"Portada","item":"https:\/\/nativaexcursiones.cl\/web\/"},{"@type":"ListItem","position":2,"name":"Sendero Tehuaco"}]},{"@type":"WebSite","@id":"https:\/\/nativaexcursiones.cl\/web\/#website","url":"https:\/\/nativaexcursiones.cl\/web\/","name":"Nativa excursiones","description":"Tours en Pu\u00f1ihuil","potentialAction":[{"@type":"SearchAction","target":{"@type":"EntryPoint","urlTemplate":"https:\/\/nativaexcursiones.cl\/web\/?s={search_term_string}"},"query-input":"required name=search_term_string"}],"inLanguage":"es"}]}},"_links":{"self":[{"href":"https:\/\/nativaexcursiones.cl\/web\/wp-json\/wp\/v2\/pages\/54"}],"collection":[{"href":"https:\/\/nativaexcursiones.cl\/web\/wp-json\/wp\/v2\/pages"}],"about":[{"href":"https:\/\/nativaexcursiones.cl\/web\/wp-json\/wp\/v2\/types\/page"}],"author":[{"embeddable":true,"href":"https:\/\/nativaexcursiones.cl\/web\/wp-json\/wp\/v2\/users\/1"}],"replies":[{"embeddable":true,"href":"https:\/\/nativaexcursiones.cl\/web\/wp-json\/wp\/v2\/comments?post=54"}],"version-history":[{"count":12,"href":"https:\/\/nativaexcursiones.cl\/web\/wp-json\/wp\/v2\/pages\/54\/revisions"}],"predecessor-version":[{"id":220,"href":"https:\/\/nativaexcursiones.cl\/web\/wp-json\/wp\/v2\/pages\/54\/revisions\/220"}],"wp:attachment":[{"href":"https:\/\/nativaexcursiones.cl\/web\/wp-json\/wp\/v2\/media?parent=54"}],"curies":[{"name":"wp","href":"https:\/\/api.w.org\/{rel}","templated":true}]}}